{"id":206,"date":"2018-05-01T09:42:55","date_gmt":"2018-05-01T09:42:55","guid":{"rendered":"http:\/\/rarathemesdemo.com\/rara-business\/?page_id=206"},"modified":"2025-04-21T16:49:13","modified_gmt":"2025-04-21T16:49:13","slug":"style-guide","status":"publish","type":"page","link":"https:\/\/heidemuehle-ortrand.de\/?page_id=206","title":{"rendered":"Erleben"},"content":{"rendered":"<p>Das Gel\u00e4nde rund um die Heidem\u00fchle bietet pure Natur. Sollten Sie die urbane Kulisse m\u00f6gen, bieten sich mehrere M\u00f6glichkeiten einer Nutzung, z.B. f\u00fcr private Feiern, Firmenanl\u00e4sse, Hochzeiten, Fotoshootings, Konzerte uvm.<\/p>\n<p>Nutzen Sie f\u00fcr Erkundungstouren in die Lausitz unsere \u00dcbernachtungsm\u00f6glichkeit.<br \/>Mehr Informationen und die Verf\u00fcgbarkeit finden Sie hier:<\/p>\n\n\n<div class=\"airbnb-embed-frame\" data-id=\"1196834340269710517\" data-view=\"home\" data-hide-price=\"true\" style=\"width: 450px; height: 300px; margin: auto;\"><a href=\"https:\/\/www.airbnb.de\/rooms\/1196834340269710517?guests=1&#038;adults=1&#038;s=66&#038;source=embed_widget\" rel=\"nofollow\">Auf Airbnb ansehen<\/a><a href=\"https:\/\/www.airbnb.de\/rooms\/1196834340269710517?guests=1&#038;adults=1&#038;s=66&#038;source=embed_widget\" rel=\"nofollow\">Privatunterkunft \u00b7 Ortrand \u00b7 1 Schlafzimmer \u00b7 2 Betten \u00b7 1 Badezimmer<\/a><script async=\"\" src=\"https:\/\/www.airbnb.de\/embeddable\/airbnb_jssdk\"><\/script><\/div>\n\n\n\n<div class=\"wp-block-buttons is-content-justification-center is-layout-flex wp-container-core-buttons-is-layout-16018d1d wp-block-buttons-is-layout-flex\">\n<div class=\"wp-block-button\"><a class=\"wp-block-button__link has-text-align-center wp-element-button\" href=\"https:\/\/www.airbnb.de\/rooms\/1196834340269710517?guests=1&#038;adults=1&#038;s=67&#038;unique_share_id=6da6901b-9750-4de9-984e-8e05e595a307\" target=\"_blank\" rel=\"noreferrer noopener\"><mark style=\"background-color:rgba(0, 0, 0, 0)\" class=\"has-inline-color has-white-color\">Hier gehts zur Buchung!<\/mark><\/a><\/div>\n<\/div>\n\n\n\n<p><\/p>\n","protected":false},"excerpt":{"rendered":"<p>Das Gel\u00e4nde rund um die Heidem\u00fchle bietet pure Natur. Sollten Sie die urbane Kulisse m\u00f6gen, bieten sich mehrere M\u00f6glichkeiten einer Nutzung, z.B. f\u00fcr private Feiern, Firmenanl\u00e4sse, Hochzeiten, Fotoshootings, Konzerte uvm. Nutzen Sie f\u00fcr Erkundungstouren in die Lausitz unsere \u00dcbernachtungsm\u00f6glichkeit.Mehr Informationen und die Verf\u00fcgbarkeit finden Sie hier: Auf Airbnb ansehenPrivatunterkunft \u00b7 Ortrand \u00b7 1 Schlafzimmer \u00b7 &hellip; <\/p>\n","protected":false},"author":1,"featured_media":359,"parent":0,"menu_order":0,"comment_status":"closed","ping_status":"closed","template":"","meta":{"footnotes":""},"class_list":["post-206","page","type-page","status-publish","has-post-thumbnail","hentry"],"_links":{"self":[{"href":"https:\/\/heidemuehle-ortrand.de\/index.php?rest_route=\/wp\/v2\/pages\/206","targetHints":{"allow":["GET"]}}],"collection":[{"href":"https:\/\/heidemuehle-ortrand.de\/index.php?rest_route=\/wp\/v2\/pages"}],"about":[{"href":"https:\/\/heidemuehle-ortrand.de\/index.php?rest_route=\/wp\/v2\/types\/page"}],"author":[{"embeddable":true,"href":"https:\/\/heidemuehle-ortrand.de\/index.php?rest_route=\/wp\/v2\/users\/1"}],"replies":[{"embeddable":true,"href":"https:\/\/heidemuehle-ortrand.de\/index.php?rest_route=%2Fwp%2Fv2%2Fcomments&post=206"}],"version-history":[{"count":33,"href":"https:\/\/heidemuehle-ortrand.de\/index.php?rest_route=\/wp\/v2\/pages\/206\/revisions"}],"predecessor-version":[{"id":475,"href":"https:\/\/heidemuehle-ortrand.de\/index.php?rest_route=\/wp\/v2\/pages\/206\/revisions\/475"}],"wp:featuredmedia":[{"embeddable":true,"href":"https:\/\/heidemuehle-ortrand.de\/index.php?rest_route=\/wp\/v2\/media\/359"}],"wp:attachment":[{"href":"https:\/\/heidemuehle-ortrand.de\/index.php?rest_route=%2Fwp%2Fv2%2Fmedia&parent=206"}],"curies":[{"name":"wp","href":"https:\/\/api.w.org\/{rel}","templated":true}]}}